{"id":2176,"date":"2023-05-01T14:25:38","date_gmt":"2023-05-01T12:25:38","guid":{"rendered":"http:\/\/jungmann-metall.de\/?page_id=2176"},"modified":"2025-08-22T17:17:51","modified_gmt":"2025-08-22T15:17:51","slug":"ueber-uns","status":"publish","type":"page","link":"http:\/\/jungmann-metall.de\/index.php\/ueber-uns\/","title":{"rendered":"\u00dcber uns"},"content":{"rendered":"\n<figure class=\"wp-block-image size-full\"><img loading=\"lazy\" decoding=\"async\" width=\"838\" height=\"471\" src=\"http:\/\/jungmann-metall.de\/wp-content\/uploads\/2023\/05\/Jungmann_Paar1-edited.jpg\" alt=\"\" class=\"wp-image-2178\" srcset=\"http:\/\/jungmann-metall.de\/wp-content\/uploads\/2023\/05\/Jungmann_Paar1-edited.jpg 838w, http:\/\/jungmann-metall.de\/wp-content\/uploads\/2023\/05\/Jungmann_Paar1-edited-300x169.jpg 300w, http:\/\/jungmann-metall.de\/wp-content\/uploads\/2023\/05\/Jungmann_Paar1-edited-768x432.jpg 768w\" sizes=\"auto, (max-width: 838px) 100vw, 838px\" \/><\/figure>\n\n\n\n<h2 class=\"wp-block-heading\">Wir sind ein familiengef\u00fchrter Handwerksbetrieb aus Nierstein in zweiter Generation in unmittelbarer N\u00e4he von Mainz und liefern seit 1970 passgenaue L\u00f6sungen und das dreifach:<\/h2>\n\n\n\n<ul class=\"wp-block-list\">\n<li class=\"has-medium-font-size\">Erstens passen JUNGMANN Metallobjekte zur vorhandenen Architektur<\/li>\n\n\n\n<li class=\"has-medium-font-size\">Zweitens fertigt die Schlosserei JUNGMANN individuelle L\u00f6sungen mit handwerklicher Pr\u00e4zision: da wackelt und klappert nichts, das passt!<\/li>\n\n\n\n<li class=\"has-medium-font-size\">Drittens passen JUNGMANN Werkst\u00fccke zu Ihrem Budget: pragmatische oder au\u00dfergew\u00f6hnliche L\u00f6sungen zum guten Preis &#8211; wie Sie es w\u00fcnschen.<\/li>\n<\/ul>\n\n\n\n<h3 class=\"wp-block-heading\">JUNGMANN Metallobjekte&nbsp;bereichern Ihr Zuhause, Ihr B\u00fcro, Ihr Firmengel\u00e4nde und zwar nachhaltig, weil fachgerecht&nbsp;und sorgf\u00e4ltig verarbeitetes Metall der&nbsp;Umgebung Glanz verleiht. Mit JUNGMANN setzen Sie \u00e4sthetische Akzente.<\/h3>\n","protected":false},"excerpt":{"rendered":"<p>Wir sind ein familiengef\u00fchrter Handwerksbetrieb aus Nierstein in zweiter Generation in unmittelbarer N\u00e4he von Mainz und liefern seit 1970 passgenaue<\/p>\n","protected":false},"author":1,"featured_media":0,"parent":0,"menu_order":0,"comment_status":"closed","ping_status":"closed","template":"","meta":{"footnotes":""},"class_list":["post-2176","page","type-page","status-publish","hentry"],"_links":{"self":[{"href":"http:\/\/jungmann-metall.de\/index.php\/wp-json\/wp\/v2\/pages\/2176","targetHints":{"allow":["GET"]}}],"collection":[{"href":"http:\/\/jungmann-metall.de\/index.php\/wp-json\/wp\/v2\/pages"}],"about":[{"href":"http:\/\/jungmann-metall.de\/index.php\/wp-json\/wp\/v2\/types\/page"}],"author":[{"embeddable":true,"href":"http:\/\/jungmann-metall.de\/index.php\/wp-json\/wp\/v2\/users\/1"}],"replies":[{"embeddable":true,"href":"http:\/\/jungmann-metall.de\/index.php\/wp-json\/wp\/v2\/comments?post=2176"}],"version-history":[{"count":5,"href":"http:\/\/jungmann-metall.de\/index.php\/wp-json\/wp\/v2\/pages\/2176\/revisions"}],"predecessor-version":[{"id":2268,"href":"http:\/\/jungmann-metall.de\/index.php\/wp-json\/wp\/v2\/pages\/2176\/revisions\/2268"}],"wp:attachment":[{"href":"http:\/\/jungmann-metall.de\/index.php\/wp-json\/wp\/v2\/media?parent=2176"}],"curies":[{"name":"wp","href":"https:\/\/api.w.org\/{rel}","templated":true}]}}