{"id":2148,"date":"2023-05-01T13:48:41","date_gmt":"2023-05-01T11:48:41","guid":{"rendered":"http:\/\/jungmann-metall.de\/?page_id=2148"},"modified":"2023-05-08T10:07:11","modified_gmt":"2023-05-08T08:07:11","slug":"produktloesungen","status":"publish","type":"page","link":"http:\/\/jungmann-metall.de\/index.php\/produktloesungen\/","title":{"rendered":"Produktl\u00f6sungen"},"content":{"rendered":"\n<figure class=\"wp-block-image size-full is-resized\"><img loading=\"lazy\" decoding=\"async\" src=\"http:\/\/jungmann-metall.de\/wp-content\/uploads\/2023\/05\/Produktloesungen2-1.jpg\" alt=\"\" class=\"wp-image-2199\" width=\"1139\" height=\"182\" srcset=\"http:\/\/jungmann-metall.de\/wp-content\/uploads\/2023\/05\/Produktloesungen2-1.jpg 1000w, http:\/\/jungmann-metall.de\/wp-content\/uploads\/2023\/05\/Produktloesungen2-1-300x48.jpg 300w, http:\/\/jungmann-metall.de\/wp-content\/uploads\/2023\/05\/Produktloesungen2-1-768x123.jpg 768w\" sizes=\"auto, (max-width: 1139px) 100vw, 1139px\" \/><\/figure>\n\n\n\n<h2 class=\"wp-block-heading has-black-color has-text-color\"><strong>AQUA MEA<\/strong> <strong>Wasserschalen <\/strong>bereichern Ihren Garten als sanft sprudelnde Metallobjekte. <strong>DEPONA M\u00fcllboxen<\/strong> lassen Ihre M\u00fclltonnen hinter einer stilvollen Metallkonstruktion verschwinden. <strong>AMPHORA Pflanzk\u00fcbel<\/strong> sind dezente oder knallige Highlights eines modernen Gartendesigns \u2013 alle Produktl\u00f6sungen werden individuell f\u00fcr Sie angefertigt. Machen Sie sich selbst ein Bild.<\/h2>\n\n\n\n<div class=\"wp-block-columns is-layout-flex wp-container-core-columns-is-layout-9d6595d7 wp-block-columns-is-layout-flex\">\n<div class=\"wp-block-column is-layout-flow wp-block-column-is-layout-flow\">\n<h2 class=\"wp-block-heading has-text-color\" style=\"color:#00386a\"><strong>AQUA MEA<\/strong><\/h2>\n<\/div>\n\n\n\n<div class=\"wp-block-column is-layout-flow wp-block-column-is-layout-flow\">\n<h2 class=\"wp-block-heading has-text-color\" style=\"color:#00386a\"><strong>DEPONA<\/strong><\/h2>\n<\/div>\n\n\n\n<div class=\"wp-block-column is-layout-flow wp-block-column-is-layout-flow\">\n<h2 class=\"wp-block-heading has-text-color\" style=\"color:#00386a\"><strong>AMPHORA<\/strong><\/h2>\n<\/div>\n<\/div>\n\n\n\n<div class=\"wp-block-group\"><div class=\"wp-block-group__inner-container is-layout-constrained wp-block-group-is-layout-constrained\">\n<div class=\"wp-block-columns is-layout-flex wp-container-core-columns-is-layout-9d6595d7 wp-block-columns-is-layout-flex\">\n<div class=\"wp-block-column is-layout-flow wp-block-column-is-layout-flow\">\n<figure class=\"wp-block-image size-large\"><img loading=\"lazy\" decoding=\"async\" width=\"1030\" height=\"773\" src=\"http:\/\/jungmann-metall.de\/wp-content\/uploads\/2023\/05\/Header-6-1030x773.jpg\" alt=\"\" class=\"wp-image-2158\" srcset=\"http:\/\/jungmann-metall.de\/wp-content\/uploads\/2023\/05\/Header-6-1030x773.jpg 1030w, http:\/\/jungmann-metall.de\/wp-content\/uploads\/2023\/05\/Header-6-300x225.jpg 300w, http:\/\/jungmann-metall.de\/wp-content\/uploads\/2023\/05\/Header-6-768x576.jpg 768w, http:\/\/jungmann-metall.de\/wp-content\/uploads\/2023\/05\/Header-6-1536x1152.jpg 1536w, http:\/\/jungmann-metall.de\/wp-content\/uploads\/2023\/05\/Header-6-2048x1536.jpg 2048w\" sizes=\"auto, (max-width: 1030px) 100vw, 1030px\" \/><\/figure>\n\n\n\n<h4 class=\"wp-block-heading\">Die einzigartigen Edelstahl-Wasserschalen sind Elemente eines hochwertigen Gartendesigns. Zum Beispiel in einem edlen Kiesbett, direkt auf einer Rasenfl\u00e4che oder innerhalb der Terrasse. Hochpr\u00e4zise gefertigt und deutschlandweit nur bei JUNGMANN&nbsp;erh\u00e4ltlich.&nbsp;<em><strong>Aqua Mea<\/strong><\/em>  f\u00fcr die Harmonie im Garten!<\/h4>\n\n\n\n<figure class=\"wp-block-image size-large\"><a href=\"http:\/\/wp12090119.server-he.de\/AQUA_MEA____Wasserschalen_von_Jungmann..html\" target=\"_blank\" rel=\"noreferrer noopener\"><img loading=\"lazy\" decoding=\"async\" width=\"1030\" height=\"412\" src=\"http:\/\/jungmann-metall.de\/wp-content\/uploads\/2023\/05\/Logo_AquaMea_pos_4c-1030x412.png\" alt=\"\" class=\"wp-image-2169\" srcset=\"http:\/\/jungmann-metall.de\/wp-content\/uploads\/2023\/05\/Logo_AquaMea_pos_4c-1030x412.png 1030w, http:\/\/jungmann-metall.de\/wp-content\/uploads\/2023\/05\/Logo_AquaMea_pos_4c-300x120.png 300w, http:\/\/jungmann-metall.de\/wp-content\/uploads\/2023\/05\/Logo_AquaMea_pos_4c-768x307.png 768w, http:\/\/jungmann-metall.de\/wp-content\/uploads\/2023\/05\/Logo_AquaMea_pos_4c-1536x615.png 1536w, http:\/\/jungmann-metall.de\/wp-content\/uploads\/2023\/05\/Logo_AquaMea_pos_4c.png 1772w\" sizes=\"auto, (max-width: 1030px) 100vw, 1030px\" \/><\/a><\/figure>\n<\/div>\n\n\n\n<div class=\"wp-block-column is-layout-flow wp-block-column-is-layout-flow\">\n<figure class=\"wp-block-image size-full\"><img loading=\"lazy\" decoding=\"async\" width=\"352\" height=\"252\" src=\"http:\/\/jungmann-metall.de\/wp-content\/uploads\/2023\/05\/depona.png\" alt=\"\" class=\"wp-image-2150\" srcset=\"http:\/\/jungmann-metall.de\/wp-content\/uploads\/2023\/05\/depona.png 352w, http:\/\/jungmann-metall.de\/wp-content\/uploads\/2023\/05\/depona-300x215.png 300w\" sizes=\"auto, (max-width: 352px) 100vw, 352px\" \/><\/figure>\n\n\n\n<h4 class=\"wp-block-heading\">M\u00fclltonnen-Einhausungen bei JUNGMANN hei\u00dfen&nbsp;<strong><em>Depona<\/em><\/strong>. Das klingt nicht nur sch\u00f6ner, sie&nbsp;sehen auch schick aus, sind schnell aufgebaut und k\u00f6nnen individuell auf Ihre Bed\u00fcrfnisse angepasst werden. Machen Sie sich selbst ein Bild (s.u.)<strong>.<\/strong><\/h4>\n\n\n\n<figure class=\"wp-block-gallery has-nested-images columns-default is-cropped wp-block-gallery-1 is-layout-flex wp-block-gallery-is-layout-flex\"><\/figure>\n<\/div>\n\n\n\n<div class=\"wp-block-column is-layout-flow wp-block-column-is-layout-flow\">\n<figure class=\"wp-block-image size-large\"><img loading=\"lazy\" decoding=\"async\" width=\"1030\" height=\"773\" src=\"http:\/\/jungmann-metall.de\/wp-content\/uploads\/2023\/05\/Header-5-1030x773.jpg\" alt=\"\" class=\"wp-image-2157\" srcset=\"http:\/\/jungmann-metall.de\/wp-content\/uploads\/2023\/05\/Header-5-1030x773.jpg 1030w, http:\/\/jungmann-metall.de\/wp-content\/uploads\/2023\/05\/Header-5-300x225.jpg 300w, http:\/\/jungmann-metall.de\/wp-content\/uploads\/2023\/05\/Header-5-768x576.jpg 768w, http:\/\/jungmann-metall.de\/wp-content\/uploads\/2023\/05\/Header-5-1536x1152.jpg 1536w, http:\/\/jungmann-metall.de\/wp-content\/uploads\/2023\/05\/Header-5-2048x1536.jpg 2048w\" sizes=\"auto, (max-width: 1030px) 100vw, 1030px\" \/><\/figure>\n\n\n\n<h4 class=\"wp-block-heading\">\u201ePflanzk\u00fcbel\u201c ist kein sch\u00f6ner Begriff, <em><strong>Amphora <\/strong><\/em>allerdings schon und so \u00e4sthetisch gelungen wie einmalig sehen sie auch aus: metallene \u00fcbergro\u00dfe Eiswaffeln, die der Kunde in seiner Wunschfarbe lackieren l\u00e4sst.<\/h4>\n<\/div>\n<\/div>\n\n\n\n<h2 class=\"wp-block-heading\"><strong>Depona<\/strong>: Eine M\u00fclltonnen-Einhausung von Jungmann ist  praktisch, langlebig und \u00e4sthetisch &#8211; Film ab!<\/h2>\n\n\n\n<div class=\"wp-block-columns is-layout-flex wp-container-core-columns-is-layout-9d6595d7 wp-block-columns-is-layout-flex\">\n<div class=\"wp-block-column is-layout-flow wp-block-column-is-layout-flow\" style=\"flex-basis:100%\">\n<figure class=\"wp-block-embed is-type-video is-provider-vimeo wp-block-embed-vimeo wp-embed-aspect-16-9 wp-has-aspect-ratio\"><div class=\"wp-block-embed__wrapper\">\n<iframe loading=\"lazy\" title=\"Depona M&amp;uuml;lltonnen-Einhausungen von Jungmann\" src=\"https:\/\/player.vimeo.com\/video\/120693528?h=81b54a802b&amp;dnt=1&amp;app_id=122963\" width=\"800\" height=\"450\" frameborder=\"0\" allow=\"autoplay; fullscreen; picture-in-picture\" allowfullscreen><\/iframe>\n<\/div><\/figure>\n<\/div>\n<\/div>\n\n\n\n<h2 class=\"wp-block-heading\"><\/h2>\n<\/div><\/div>\n","protected":false},"excerpt":{"rendered":"<p>AQUA MEA Wasserschalen bereichern Ihren Garten als sanft sprudelnde Metallobjekte. DEPONA M\u00fcllboxen lassen Ihre M\u00fclltonnen hinter einer stilvollen Metallkonstruktion verschwinden.<\/p>\n","protected":false},"author":1,"featured_media":0,"parent":0,"menu_order":0,"comment_status":"closed","ping_status":"closed","template":"","meta":{"footnotes":""},"class_list":["post-2148","page","type-page","status-publish","hentry"],"_links":{"self":[{"href":"http:\/\/jungmann-metall.de\/index.php\/wp-json\/wp\/v2\/pages\/2148","targetHints":{"allow":["GET"]}}],"collection":[{"href":"http:\/\/jungmann-metall.de\/index.php\/wp-json\/wp\/v2\/pages"}],"about":[{"href":"http:\/\/jungmann-metall.de\/index.php\/wp-json\/wp\/v2\/types\/page"}],"author":[{"embeddable":true,"href":"http:\/\/jungmann-metall.de\/index.php\/wp-json\/wp\/v2\/users\/1"}],"replies":[{"embeddable":true,"href":"http:\/\/jungmann-metall.de\/index.php\/wp-json\/wp\/v2\/comments?post=2148"}],"version-history":[{"count":17,"href":"http:\/\/jungmann-metall.de\/index.php\/wp-json\/wp\/v2\/pages\/2148\/revisions"}],"predecessor-version":[{"id":2264,"href":"http:\/\/jungmann-metall.de\/index.php\/wp-json\/wp\/v2\/pages\/2148\/revisions\/2264"}],"wp:attachment":[{"href":"http:\/\/jungmann-metall.de\/index.php\/wp-json\/wp\/v2\/media?parent=2148"}],"curies":[{"name":"wp","href":"https:\/\/api.w.org\/{rel}","templated":true}]}}