{"id":12,"date":"2023-04-22T17:33:48","date_gmt":"2023-04-22T15:33:48","guid":{"rendered":"http:\/\/jungmann-metall.de\/?page_id=12"},"modified":"2025-08-22T17:26:23","modified_gmt":"2025-08-22T15:26:23","slug":"start","status":"publish","type":"page","link":"http:\/\/jungmann-metall.de\/","title":{"rendered":"Metall weiter gedacht"},"content":{"rendered":"\n<figure class=\"wp-block-image size-large is-resized\"><img loading=\"lazy\" decoding=\"async\" width=\"1024\" height=\"164\" src=\"http:\/\/jungmann-metall.de\/wp-content\/uploads\/2023\/04\/05-2018_ueber_uns2-1024x164.jpg\" alt=\"\" class=\"wp-image-14\" style=\"width:1141px;height:183px\" srcset=\"http:\/\/jungmann-metall.de\/wp-content\/uploads\/2023\/04\/05-2018_ueber_uns2-1024x164.jpg 1024w, http:\/\/jungmann-metall.de\/wp-content\/uploads\/2023\/04\/05-2018_ueber_uns2-300x48.jpg 300w, http:\/\/jungmann-metall.de\/wp-content\/uploads\/2023\/04\/05-2018_ueber_uns2-768x123.jpg 768w, http:\/\/jungmann-metall.de\/wp-content\/uploads\/2023\/04\/05-2018_ueber_uns2-1536x245.jpg 1536w, http:\/\/jungmann-metall.de\/wp-content\/uploads\/2023\/04\/05-2018_ueber_uns2-2048x327.jpg 2048w\" sizes=\"auto, (max-width: 1024px) 100vw, 1024px\" \/><\/figure>\n\n\n\n<h2 class=\"wp-block-heading\">Willkommen bei der<strong><span style=\"color: #003869;\"> Schlosserei JUNGMANN<\/span> <\/strong>in der Welt der gl\u00e4nzenden M\u00f6glichkeiten aus Metall. Wir biegen, l\u00f6ten, schwei\u00dfen, gl\u00fchen, h\u00e4mmern, pr\u00e4gen Metalle und verbinden diese mit anderen Materialien.<\/h2>\n\n\n\n<h3 class=\"wp-block-heading\">Ob Gel\u00e4nder, Tor oder \u00dcberdachung \u2013 bei JUNGMANN wird \u201eMetall weiter gedacht\u201c f\u00fcr Privatkunden genauso wie f\u00fcr Industriekunden. Wir bearbeiten und gestalten Metall nach allen M\u00f6glichkeiten dieses einzigartigen Handwerks.<\/h3>\n\n\n\n<div class=\"wp-block-columns is-layout-flex wp-container-core-columns-is-layout-9d6595d7 wp-block-columns-is-layout-flex\">\n<div class=\"wp-block-column is-layout-flow wp-block-column-is-layout-flow\">\n<figure class=\"wp-block-image size-full\"><img loading=\"lazy\" decoding=\"async\" width=\"352\" height=\"252\" src=\"http:\/\/jungmann-metall.de\/wp-content\/uploads\/2023\/04\/Gelaender_Wiesbaden_352.jpg\" alt=\"\" class=\"wp-image-24\" srcset=\"http:\/\/jungmann-metall.de\/wp-content\/uploads\/2023\/04\/Gelaender_Wiesbaden_352.jpg 352w, http:\/\/jungmann-metall.de\/wp-content\/uploads\/2023\/04\/Gelaender_Wiesbaden_352-300x215.jpg 300w\" sizes=\"auto, (max-width: 352px) 100vw, 352px\" \/><\/figure>\n<\/div>\n\n\n\n<div class=\"wp-block-column is-layout-flow wp-block-column-is-layout-flow\">\n<figure class=\"wp-block-image size-large is-resized\"><img loading=\"lazy\" decoding=\"async\" width=\"1024\" height=\"684\" src=\"http:\/\/jungmann-metall.de\/wp-content\/uploads\/2023\/04\/schweissen-1024x684.jpg\" alt=\"\" class=\"wp-image-61\" style=\"width:354px;height:236px\" srcset=\"http:\/\/jungmann-metall.de\/wp-content\/uploads\/2023\/04\/schweissen-1024x684.jpg 1024w, http:\/\/jungmann-metall.de\/wp-content\/uploads\/2023\/04\/schweissen-300x200.jpg 300w, http:\/\/jungmann-metall.de\/wp-content\/uploads\/2023\/04\/schweissen-768x513.jpg 768w, http:\/\/jungmann-metall.de\/wp-content\/uploads\/2023\/04\/schweissen.jpg 1444w\" sizes=\"auto, (max-width: 1024px) 100vw, 1024px\" \/><\/figure>\n<\/div>\n\n\n\n<div class=\"wp-block-column is-layout-flow wp-block-column-is-layout-flow\">\n<figure class=\"wp-block-image size-full\"><img loading=\"lazy\" decoding=\"async\" width=\"804\" height=\"562\" src=\"http:\/\/jungmann-metall.de\/wp-content\/uploads\/2023\/04\/O.Jungmann_guckt.jpg\" alt=\"\" class=\"wp-image-8\" srcset=\"http:\/\/jungmann-metall.de\/wp-content\/uploads\/2023\/04\/O.Jungmann_guckt.jpg 804w, http:\/\/jungmann-metall.de\/wp-content\/uploads\/2023\/04\/O.Jungmann_guckt-300x210.jpg 300w, http:\/\/jungmann-metall.de\/wp-content\/uploads\/2023\/04\/O.Jungmann_guckt-768x537.jpg 768w, http:\/\/jungmann-metall.de\/wp-content\/uploads\/2023\/04\/O.Jungmann_guckt-130x90.jpg 130w\" sizes=\"auto, (max-width: 804px) 100vw, 804px\" \/><\/figure>\n<\/div>\n<\/div>\n\n\n\n<div class=\"wp-block-columns is-layout-flex wp-container-core-columns-is-layout-9d6595d7 wp-block-columns-is-layout-flex\">\n<div class=\"wp-block-column is-layout-flow wp-block-column-is-layout-flow\">\n<h2 class=\"wp-block-heading\"><span style=\"color: #003869;\"><strong>METALLBAU<\/strong><\/span><\/h2>\n\n\n\n<p>JUNGMANN Werkst\u00fccke erf\u00fcllen mehr als Ihren Zweck, sie sind eine Bereicherung f\u00fcr Ihren Wohn- und Arbeitsbereich f\u00fcr innen genauso wie f\u00fcr au\u00dfen. Hier finden Sie Referenzen zu allen klassischen Produktfeldern. <\/p>\n\n\n\n<div class=\"wp-block-buttons is-layout-flex wp-block-buttons-is-layout-flex\">\n<div class=\"wp-block-button is-style-fill\"><a class=\"wp-block-button__link has-background wp-element-button\" href=\"http:\/\/jungmann-metall.de\/index.php\/metallbau\/\" style=\"background-color:#00386a\">Weitere Infos<\/a><\/div>\n<\/div>\n<\/div>\n\n\n\n<div class=\"wp-block-column is-layout-flow wp-block-column-is-layout-flow\">\n<h2 class=\"wp-block-heading\"><span style=\"color: #003869;\"><strong>PRODUKTE<\/strong><\/span><\/h2>\n\n\n\n<p>JUNGMANN bietet Ihnen au\u00dferdem drei eigene Produktmarken: AQUA MEA Wasserschalen, DEPONA M\u00fcllboxen und AMPHORA Pflanzk\u00fcbel. Stilvolle und n\u00fctzliche Produkte f\u00fcr ein ansprechendes Zuhause oder Firmenentr\u00e9.&nbsp;<\/p>\n\n\n\n<div class=\"wp-block-buttons is-layout-flex wp-block-buttons-is-layout-flex\">\n<div class=\"wp-block-button\"><a class=\"wp-block-button__link has-background wp-element-button\" href=\"http:\/\/jungmann-metall.de\/index.php\/produktloesungen\/\" style=\"background-color:#00386a\">Weitere Infos<\/a><\/div>\n<\/div>\n<\/div>\n\n\n\n<div class=\"wp-block-column is-layout-flow wp-block-column-is-layout-flow\">\n<h2 class=\"wp-block-heading\"><strong><span style=\"color: #003869;\">WIR \u00dcBER UNS<\/span><\/strong><\/h2>\n\n\n\n<p>Metallbearbeitung bedeutet heute, verschiedene Materialien geschickt zu verbinden, vor allem Holz und Glas. Wir lieben architektonische Herausforderungen und bieten L\u00f6sungen, die sich nahtlos in die vorhandene Architektur einpassen.<\/p>\n\n\n\n<div class=\"wp-block-buttons is-layout-flex wp-block-buttons-is-layout-flex\">\n<div class=\"wp-block-button\"><a class=\"wp-block-button__link has-background wp-element-button\" href=\"http:\/\/jungmann-metall.de\/index.php\/ueber-uns\/\" style=\"background-color:#00386a\">Weitere Infos<\/a><\/div>\n<\/div>\n<\/div>\n<\/div>\n","protected":false},"excerpt":{"rendered":"<p>Willkommen bei der Schlosserei JUNGMANN in der Welt der gl\u00e4nzenden M\u00f6glichkeiten aus Metall. Wir biegen, l\u00f6ten, schwei\u00dfen, gl\u00fchen, h\u00e4mmern, pr\u00e4gen<\/p>\n","protected":false},"author":1,"featured_media":0,"parent":0,"menu_order":0,"comment_status":"closed","ping_status":"closed","template":"","meta":{"footnotes":""},"class_list":["post-12","page","type-page","status-publish","hentry"],"_links":{"self":[{"href":"http:\/\/jungmann-metall.de\/index.php\/wp-json\/wp\/v2\/pages\/12","targetHints":{"allow":["GET"]}}],"collection":[{"href":"http:\/\/jungmann-metall.de\/index.php\/wp-json\/wp\/v2\/pages"}],"about":[{"href":"http:\/\/jungmann-metall.de\/index.php\/wp-json\/wp\/v2\/types\/page"}],"author":[{"embeddable":true,"href":"http:\/\/jungmann-metall.de\/index.php\/wp-json\/wp\/v2\/users\/1"}],"replies":[{"embeddable":true,"href":"http:\/\/jungmann-metall.de\/index.php\/wp-json\/wp\/v2\/comments?post=12"}],"version-history":[{"count":20,"href":"http:\/\/jungmann-metall.de\/index.php\/wp-json\/wp\/v2\/pages\/12\/revisions"}],"predecessor-version":[{"id":2270,"href":"http:\/\/jungmann-metall.de\/index.php\/wp-json\/wp\/v2\/pages\/12\/revisions\/2270"}],"wp:attachment":[{"href":"http:\/\/jungmann-metall.de\/index.php\/wp-json\/wp\/v2\/media?parent=12"}],"curies":[{"name":"wp","href":"https:\/\/api.w.org\/{rel}","templated":true}]}}